{"id":3,"date":"2024-03-18T21:18:09","date_gmt":"2024-03-18T20:18:09","guid":{"rendered":"http:\/\/fv-evgruwi.org\/?page_id=3"},"modified":"2024-10-04T01:52:53","modified_gmt":"2024-10-03T23:52:53","slug":"impressum","status":"publish","type":"page","link":"https:\/\/fv-evgruwi.org\/index.php\/impressum\/","title":{"rendered":"Impressum"},"content":{"rendered":"\n<div style=\"height:100px\" aria-hidden=\"true\" class=\"wp-block-spacer\"><\/div>\n\n\n\n<h1 class=\"wp-block-heading has-theme-palette-1-color has-text-color has-link-color wp-elements-568ffb4b8bb9eca77af0b42ed01eb365\"><strong>Impressum<\/strong><\/h1>\n\n\n\n<p>Angaben gem\u00e4\u00df \u00a7 5 DDG<\/p>\n\n\n\n<p><strong>Verein der Freunde und F\u00f6rderer\u00a0der Ev. Grundschule Wilmersdorf e. V.<\/strong><br>c\/o Ev. Grundschule Wilmersdorf<br>Brandenburgische Str. 51<br>10707 Berlin<\/p>\n\n\n\n<h5 class=\"wp-block-heading\">Vertreten durch:<\/h5>\n\n\n\n<p>Susana Onnasch da Cunha<br>Marlen Grasmugg<br>Dr. Lars T\u00f6pfer<\/p>\n\n\n\n<h5 class=\"wp-block-heading\">Kontakt:<\/h5>\n\n\n\n<p>E-Mail: <a href=\"mailto:fv.evgruwi@gmail.com\">fv.evgruwi@gmail.com<\/a><\/p>\n\n\n\n<h5 class=\"wp-block-heading\">Registereintrag:<\/h5>\n\n\n\n<p><strong>Eintrag beim Registergericht:<\/strong> Amtsgericht Charlottenburg<br><strong>Register-Nr.:<\/strong>&nbsp;VR 24709 B<br><\/p>\n\n\n\n<h5 class=\"wp-block-heading\">Verantwortlich f\u00fcr den Inhalt nach \u00a7 18 Abs. 2 MStV::<\/h5>\n\n\n\n<p>Susana Onnasch da Cunha<br>Verein der Freunde und F\u00f6rderer\u00a0der Ev. Grundschule Wilmersdorf e. V.<br>c\/o Ev. Grundschule Wilmersdorf<br>Brandenburgische Str. 51<br>10707 Berlin<\/p>\n\n\n\n<p>Die Europ\u00e4ische Kommission stellt eine Plattform zur Online-Streitbeilegung bereit, die unter folgendem Link abgerufen werden kann: https:\/\/ec.europa.eu\/odr<br>Der Verein der Freunde und F\u00f6rderer&nbsp;der Ev. Grundschule Wilmersdorf e. V. ist nicht bereit und nicht verpflichtet, an Streitbeilegungsverfahren vor einer<br>Verbraucherschlichtungsstelle teilzunehmen<\/p>\n\n\n\n<h5 class=\"wp-block-heading\">Haftungsausschluss:<\/h5>\n\n\n\n<p><strong>Inhalte unserer Website<\/strong><br>Die Inhalte dieser Webseite wurden mit gr\u00f6\u00dfter Sorgfalt erstellt. Als Inhaltsanbieter (sog. Content-Provider) sind wir f\u00fcr eigene Inhalte auf diesen Seiten nach den allgemeinen Gesetzen verantwortlich. F\u00fcr die Qualit\u00e4t, Richtigkeit, Vollst\u00e4ndigkeit und Aktualit\u00e4t der Inhalte \u00fcbernehmen wir jedoch keine Gew\u00e4hr. Haftungsanspr\u00fcche gegen uns, welche sich auf Sch\u00e4den materieller oder ideeller Art beziehen, die durch die Nutzung oder Nichtnutzung der dargebotenen Informationen bzw. durch die Nutzung fehlerhafter und unvollst\u00e4ndiger Informationen verursacht wurden, sind grunds\u00e4tzlich ausgeschlossen, sofern kein nachweislich vors\u00e4tzliches oder grob fahrl\u00e4ssiges Verschulden unsererseits vorliegt.<br>Alle Angebote sind freibleibend und unverbindlich. Wir behalten es uns ausdr\u00fccklich vor, Teile der Seiten oder das gesamte Angebot ohne gesonderte Ank\u00fcndigung zu ver\u00e4ndern, zu erg\u00e4nzen, zu l\u00f6schen oder die Ver\u00f6ffentlichung zeitweise oder endg\u00fcltig einzustellen.<\/p>\n\n\n\n<p><strong>Verf\u00fcgbarkeit unserer Website<\/strong><br>Wir werden uns bem\u00fchen, die Website m\u00f6glichst unterbrechungsfrei zum Abruf anzubieten. Auch bei aller Sorgfalt k\u00f6nnen aber Ausfallzeiten nicht ausgeschlossen werden. Wir behalten uns das Recht vor, die Website oder Teile davon jederzeit zu \u00e4ndern oder einzustellen. F\u00fcr durch nicht fehlerfrei angelegte Dateien oder nicht fehlerfrei strukturierte Formate bedingte Unterbrechungen oder anderweitige St\u00f6rungen \u00fcbernehmen wir keine Gew\u00e4hr.<\/p>\n\n\n\n<p><strong>Verweise und Links<\/strong><br>Unser Angebot kann direkte und indirekte Verlinkungen (\u201eHyperlink\u201c) zu externen Webseiten Dritter enthalten, auf deren Inhalte wir keinen Einfluss haben. Deshalb k\u00f6nnen wir f\u00fcr diese fremden Inhalte auch keine Gew\u00e4hr \u00fcbernehmen. F\u00fcr die Inhalte der verlinkten Seiten sowie f\u00fcr illegale, fehlerhafte oder unvollst\u00e4ndige Inhalte und insbesondere f\u00fcr Sch\u00e4den, die aus der Nutzung oder Nichtnutzung solcherart dargebotener Informationen entstehen, haftet allein der Anbieter oder Betreiber der jeweiligen Webseite. Eine Haftungsverpflichtung unserseits besteht ausschlie\u00dflich in dem Fall, in dem wir von den Inhalten Kenntnis haben und es uns technisch m\u00f6glich und zumutbar w\u00e4re, die Nutzung im Falle rechtswidriger Inhalte zu verhindern.<br>Wir erkl\u00e4ren hiermit ausdr\u00fccklich, dass zum Zeitpunkt der Linksetzung keine illegalen Inhalte auf den zu verlinkenden Seiten erkennbar waren, die eine m\u00f6gliche zivilrechtliche oder strafrechtliche Verantwortlichkeit ausl\u00f6sen. Auf die aktuelle und zuk\u00fcnftige Gestaltung, die Inhalte oder die Urheberschaft der verlinkten\/verkn\u00fcpften Seiten haben wir keinerlei Einfluss und \u00fcberpr\u00fcfen die Inhalte auch nicht st\u00e4ndig auf Ver\u00e4nderungen, die eine Verantwortlichkeit neu begr\u00fcnden k\u00f6nnten. Deshalb distanzieren wir uns hiermit ausdr\u00fccklich von allen Inhalten aller verlinkten \/verkn\u00fcpften Seiten, die nach der Linksetzung ver\u00e4ndert wurden. Wenn wir feststellen oder von anderen darauf hingewiesen werden, dass ein konkretes Angebot oder ein bestimmter Inhalt, auf den auf der Website mittels Hyperlinks verwiesen wird, eine zivil- oder strafrechtliche Verantwortung ausl\u00f6st, werden wir den Verweis auf dieses Angebot oder diesen Inhalt unverz\u00fcglich aufheben<\/p>\n\n\n\n<p><strong>Urheberrecht<\/strong><br>Diese Website befindet sich in unserem Eigentum. Inhaber s\u00e4mtlicher gewerblicher Schutzrechte, insbesondere der Marken sowie s\u00e4mtlicher sonstiger Schutzrechte, insbesondere der Urheberrechte\/urheberrechtlichen Nutzungsrechte an den auf dieser Website bereit gestellten Inhalte sind wir.<br>Der Inhalt dieser Websites darf insbesondere nicht kopiert, reproduziert oder in anderer Weise vervielf\u00e4ltigt werden. Die Wiederver\u00f6ffentlichung, Bearbeitung, Sendung oder Verbreitung in dieser oder sonstiger Weise, insbesondere die Nutzung auf anderen Websites oder Netzwerkumgebungen ist ohne vorherige schriftliche Einwilligung durch uns unzul\u00e4ssig. Die Ver\u00f6ffentlichung im World Wide Web oder in sonstigen Diensten des Internets bedeutet noch keine Einverst\u00e4ndniserkl\u00e4rung f\u00fcr eine entsprechende Nutzung durch Dritte.<\/p>\n\n\n\n<p><strong>Gendersensible Sprache<\/strong><br>Aus Gr\u00fcnden der besseren Lesbarkeit wird bei Personenbezeichnungen und personenbezogenen Hauptw\u00f6rtern die sprachlich g\u00e4ngige Form verwendet. Entsprechende Begriffe gelten im Sinne der Gleichbehandlung grunds\u00e4tzlich f\u00fcr alle Geschlechter und beinhalten keine Wertung.<\/p>\n\n\n\n<hr class=\"wp-block-separator has-alpha-channel-opacity\"\/>\n\n\n\n<p><br><strong>Urheberrechtsvermerke \u2013 Bildnachweise:<\/strong><br>Bilder in Lizenz der jeweiligen Urheber \u2013 Fotos \u00fcber pixabay.com<\/p>\n\n\n\n<hr class=\"wp-block-separator has-alpha-channel-opacity\"\/>\n\n\n\n<h1 class=\"wp-block-heading has-theme-palette-1-color has-text-color has-link-color wp-elements-f15a8ef2338ff416064500c6d95c5920\" id=\"datenschutz\"><strong>Datenschutz<\/strong><\/h1>\n\n\n\n<p>Die Nutzung unserer Webseite ist in der Regel ohne Angabe personenbezogener Daten m\u00f6glich. Soweit auf unseren Seiten personenbezogene Daten (beispielsweise Name, Anschrift oder E-Mail-Adressen) erhoben werden, erfolgt dies, soweit m\u00f6glich, stets auf freiwilliger Basis. Diese Daten werden ohne Ihre ausdr\u00fcckliche Zustimmung nicht an Dritte weitergegeben.<\/p>\n\n\n\n<p>Wir weisen darauf hin, dass die Daten\u00fcbertragung im Internet (z.B. bei der Kommunikation per E-Mail) Sicherheitsl\u00fccken aufweisen kann. Ein l\u00fcckenloser Schutz der Daten vor dem Zugriff durch Dritte ist nicht m\u00f6glich.<\/p>\n\n\n\n<p>Der Nutzung von im Rahmen der Impressumspflicht ver\u00f6ffentlichten Kontaktdaten durch Dritte zur \u00dcbersendung von nicht ausdr\u00fccklich angeforderter Werbung und Informationsmaterialien wird hiermit ausdr\u00fccklich widersprochen. Die Betreiber der Seiten behalten sich ausdr\u00fccklich rechtliche Schritte im Falle der unverlangten Zusendung von Werbeinformationen, etwa durch Spam-Mails, vor.<\/p>\n\n\n\n<div style=\"height:100px\" aria-hidden=\"true\" class=\"wp-block-spacer\"><\/div>\n\n\n\n<p><\/p>\n","protected":false},"excerpt":{"rendered":"<p>Impressum Angaben gem\u00e4\u00df \u00a7 5 DDG Verein der Freunde und F\u00f6rderer\u00a0der Ev. Grundschule Wilmersdorf e. V.c\/o Ev. Grundschule WilmersdorfBrandenburgische Str. 5110707 Berlin Vertreten durch: Susana Onnasch da CunhaMarlen GrasmuggDr. Lars T\u00f6pfer Kontakt: E-Mail: fv.evgruwi@gmail.com Registereintrag: Eintrag beim Registergericht: Amtsgericht CharlottenburgRegister-Nr.:&nbsp;VR 24709 B Verantwortlich f\u00fcr den Inhalt nach \u00a7 18 Abs. 2 MStV:: Susana Onnasch da&#8230;<\/p>\n","protected":false},"author":1,"featured_media":0,"parent":0,"menu_order":0,"comment_status":"closed","ping_status":"closed","template":"","meta":{"_kad_post_transparent":"","_kad_post_title":"","_kad_post_layout":"","_kad_post_sidebar_id":"","_kad_post_content_style":"","_kad_post_vertical_padding":"","_kad_post_feature":"","_kad_post_feature_position":"","_kad_post_header":false,"_kad_post_footer":false,"_kad_post_classname":"","footnotes":"","_links_to":"","_links_to_target":""},"class_list":["post-3","page","type-page","status-publish","hentry"],"yoast_head":"<!-- This site is optimized with the Yoast SEO plugin v27.4 - https:\/\/yoast.com\/product\/yoast-seo-wordpress\/ -->\n<title>Impressum - F\u00f6rderverein<\/title>\n<meta name=\"robots\" content=\"index, follow, max-snippet:-1, max-image-preview:large, max-video-preview:-1\" \/>\n<link rel=\"canonical\" href=\"https:\/\/fv-evgruwi.org\/index.php\/impressum\/\" \/>\n<meta property=\"og:locale\" content=\"de_DE\" \/>\n<meta property=\"og:type\" content=\"article\" \/>\n<meta property=\"og:title\" content=\"Impressum - F\u00f6rderverein\" \/>\n<meta property=\"og:description\" content=\"Impressum Angaben gem\u00e4\u00df \u00a7 5 DDG Verein der Freunde und F\u00f6rderer\u00a0der Ev. Grundschule Wilmersdorf e. V.c\/o Ev. Grundschule WilmersdorfBrandenburgische Str. 5110707 Berlin Vertreten durch: Susana Onnasch da CunhaMarlen GrasmuggDr. Lars T\u00f6pfer Kontakt: E-Mail: fv.evgruwi@gmail.com Registereintrag: Eintrag beim Registergericht: Amtsgericht CharlottenburgRegister-Nr.:&nbsp;VR 24709 B Verantwortlich f\u00fcr den Inhalt nach \u00a7 18 Abs. 2 MStV:: Susana Onnasch da...\" \/>\n<meta property=\"og:url\" content=\"https:\/\/fv-evgruwi.org\/index.php\/impressum\/\" \/>\n<meta property=\"og:site_name\" content=\"F\u00f6rderverein\" \/>\n<meta property=\"article:modified_time\" content=\"2024-10-03T23:52:53+00:00\" \/>\n<meta name=\"twitter:card\" content=\"summary_large_image\" \/>\n<meta name=\"twitter:label1\" content=\"Gesch\u00e4tzte Lesezeit\" \/>\n\t<meta name=\"twitter:data1\" content=\"5\u00a0Minuten\" \/>\n<script type=\"application\/ld+json\" class=\"yoast-schema-graph\">{\"@context\":\"https:\\\/\\\/schema.org\",\"@graph\":[{\"@type\":\"WebPage\",\"@id\":\"https:\\\/\\\/fv-evgruwi.org\\\/index.php\\\/impressum\\\/\",\"url\":\"https:\\\/\\\/fv-evgruwi.org\\\/index.php\\\/impressum\\\/\",\"name\":\"Impressum - F\u00f6rderverein\",\"isPartOf\":{\"@id\":\"https:\\\/\\\/fv-evgruwi.org\\\/#website\"},\"datePublished\":\"2024-03-18T20:18:09+00:00\",\"dateModified\":\"2024-10-03T23:52:53+00:00\",\"breadcrumb\":{\"@id\":\"https:\\\/\\\/fv-evgruwi.org\\\/index.php\\\/impressum\\\/#breadcrumb\"},\"inLanguage\":\"de\",\"potentialAction\":[{\"@type\":\"ReadAction\",\"target\":[\"https:\\\/\\\/fv-evgruwi.org\\\/index.php\\\/impressum\\\/\"]}]},{\"@type\":\"BreadcrumbList\",\"@id\":\"https:\\\/\\\/fv-evgruwi.org\\\/index.php\\\/impressum\\\/#breadcrumb\",\"itemListElement\":[{\"@type\":\"ListItem\",\"position\":1,\"name\":\"Home\",\"item\":\"https:\\\/\\\/fv-evgruwi.org\\\/\"},{\"@type\":\"ListItem\",\"position\":2,\"name\":\"Impressum\"}]},{\"@type\":\"WebSite\",\"@id\":\"https:\\\/\\\/fv-evgruwi.org\\\/#website\",\"url\":\"https:\\\/\\\/fv-evgruwi.org\\\/\",\"name\":\"F\u00f6rderverein\",\"description\":\"Ev. Grundschule Wilmersdorf\",\"publisher\":{\"@id\":\"https:\\\/\\\/fv-evgruwi.org\\\/#organization\"},\"potentialAction\":[{\"@type\":\"SearchAction\",\"target\":{\"@type\":\"EntryPoint\",\"urlTemplate\":\"https:\\\/\\\/fv-evgruwi.org\\\/?s={search_term_string}\"},\"query-input\":{\"@type\":\"PropertyValueSpecification\",\"valueRequired\":true,\"valueName\":\"search_term_string\"}}],\"inLanguage\":\"de\"},{\"@type\":\"Organization\",\"@id\":\"https:\\\/\\\/fv-evgruwi.org\\\/#organization\",\"name\":\"F\u00f6rderverein\",\"url\":\"https:\\\/\\\/fv-evgruwi.org\\\/\",\"logo\":{\"@type\":\"ImageObject\",\"inLanguage\":\"de\",\"@id\":\"https:\\\/\\\/fv-evgruwi.org\\\/#\\\/schema\\\/logo\\\/image\\\/\",\"url\":\"https:\\\/\\\/fv-evgruwi.org\\\/wp-content\\\/uploads\\\/2024\\\/03\\\/evgruwiFV-g.png\",\"contentUrl\":\"https:\\\/\\\/fv-evgruwi.org\\\/wp-content\\\/uploads\\\/2024\\\/03\\\/evgruwiFV-g.png\",\"width\":355,\"height\":355,\"caption\":\"F\u00f6rderverein\"},\"image\":{\"@id\":\"https:\\\/\\\/fv-evgruwi.org\\\/#\\\/schema\\\/logo\\\/image\\\/\"}}]}<\/script>\n<!-- \/ Yoast SEO plugin. -->","yoast_head_json":{"title":"Impressum - F\u00f6rderverein","robots":{"index":"index","follow":"follow","max-snippet":"max-snippet:-1","max-image-preview":"max-image-preview:large","max-video-preview":"max-video-preview:-1"},"canonical":"https:\/\/fv-evgruwi.org\/index.php\/impressum\/","og_locale":"de_DE","og_type":"article","og_title":"Impressum - F\u00f6rderverein","og_description":"Impressum Angaben gem\u00e4\u00df \u00a7 5 DDG Verein der Freunde und F\u00f6rderer\u00a0der Ev. Grundschule Wilmersdorf e. V.c\/o Ev. Grundschule WilmersdorfBrandenburgische Str. 5110707 Berlin Vertreten durch: Susana Onnasch da CunhaMarlen GrasmuggDr. Lars T\u00f6pfer Kontakt: E-Mail: fv.evgruwi@gmail.com Registereintrag: Eintrag beim Registergericht: Amtsgericht CharlottenburgRegister-Nr.:&nbsp;VR 24709 B Verantwortlich f\u00fcr den Inhalt nach \u00a7 18 Abs. 2 MStV:: Susana Onnasch da...","og_url":"https:\/\/fv-evgruwi.org\/index.php\/impressum\/","og_site_name":"F\u00f6rderverein","article_modified_time":"2024-10-03T23:52:53+00:00","twitter_card":"summary_large_image","twitter_misc":{"Gesch\u00e4tzte Lesezeit":"5\u00a0Minuten"},"schema":{"@context":"https:\/\/schema.org","@graph":[{"@type":"WebPage","@id":"https:\/\/fv-evgruwi.org\/index.php\/impressum\/","url":"https:\/\/fv-evgruwi.org\/index.php\/impressum\/","name":"Impressum - F\u00f6rderverein","isPartOf":{"@id":"https:\/\/fv-evgruwi.org\/#website"},"datePublished":"2024-03-18T20:18:09+00:00","dateModified":"2024-10-03T23:52:53+00:00","breadcrumb":{"@id":"https:\/\/fv-evgruwi.org\/index.php\/impressum\/#breadcrumb"},"inLanguage":"de","potentialAction":[{"@type":"ReadAction","target":["https:\/\/fv-evgruwi.org\/index.php\/impressum\/"]}]},{"@type":"BreadcrumbList","@id":"https:\/\/fv-evgruwi.org\/index.php\/impressum\/#breadcrumb","itemListElement":[{"@type":"ListItem","position":1,"name":"Home","item":"https:\/\/fv-evgruwi.org\/"},{"@type":"ListItem","position":2,"name":"Impressum"}]},{"@type":"WebSite","@id":"https:\/\/fv-evgruwi.org\/#website","url":"https:\/\/fv-evgruwi.org\/","name":"F\u00f6rderverein","description":"Ev. Grundschule Wilmersdorf","publisher":{"@id":"https:\/\/fv-evgruwi.org\/#organization"},"potentialAction":[{"@type":"SearchAction","target":{"@type":"EntryPoint","urlTemplate":"https:\/\/fv-evgruwi.org\/?s={search_term_string}"},"query-input":{"@type":"PropertyValueSpecification","valueRequired":true,"valueName":"search_term_string"}}],"inLanguage":"de"},{"@type":"Organization","@id":"https:\/\/fv-evgruwi.org\/#organization","name":"F\u00f6rderverein","url":"https:\/\/fv-evgruwi.org\/","logo":{"@type":"ImageObject","inLanguage":"de","@id":"https:\/\/fv-evgruwi.org\/#\/schema\/logo\/image\/","url":"https:\/\/fv-evgruwi.org\/wp-content\/uploads\/2024\/03\/evgruwiFV-g.png","contentUrl":"https:\/\/fv-evgruwi.org\/wp-content\/uploads\/2024\/03\/evgruwiFV-g.png","width":355,"height":355,"caption":"F\u00f6rderverein"},"image":{"@id":"https:\/\/fv-evgruwi.org\/#\/schema\/logo\/image\/"}}]}},"_links":{"self":[{"href":"https:\/\/fv-evgruwi.org\/index.php\/wp-json\/wp\/v2\/pages\/3","targetHints":{"allow":["GET"]}}],"collection":[{"href":"https:\/\/fv-evgruwi.org\/index.php\/wp-json\/wp\/v2\/pages"}],"about":[{"href":"https:\/\/fv-evgruwi.org\/index.php\/wp-json\/wp\/v2\/types\/page"}],"author":[{"embeddable":true,"href":"https:\/\/fv-evgruwi.org\/index.php\/wp-json\/wp\/v2\/users\/1"}],"replies":[{"embeddable":true,"href":"https:\/\/fv-evgruwi.org\/index.php\/wp-json\/wp\/v2\/comments?post=3"}],"version-history":[{"count":8,"href":"https:\/\/fv-evgruwi.org\/index.php\/wp-json\/wp\/v2\/pages\/3\/revisions"}],"predecessor-version":[{"id":6397,"href":"https:\/\/fv-evgruwi.org\/index.php\/wp-json\/wp\/v2\/pages\/3\/revisions\/6397"}],"wp:attachment":[{"href":"https:\/\/fv-evgruwi.org\/index.php\/wp-json\/wp\/v2\/media?parent=3"}],"curies":[{"name":"wp","href":"https:\/\/api.w.org\/{rel}","templated":true}]}}